{"id":279,"date":"2017-03-28T19:20:27","date_gmt":"2017-03-28T19:20:27","guid":{"rendered":"http:\/\/newnotio.fuelthemes.net\/space\/?page_id=279"},"modified":"2025-11-05T15:52:08","modified_gmt":"2025-11-05T15:52:08","slug":"home","status":"publish","type":"page","link":"https:\/\/www.c-interpreting.ch\/de\/","title":{"rendered":"Home"},"content":{"rendered":"<div class=\"row wpb_row row-fluid no-padding thb-divider-enabled\"><div class=\"wpb_column columns medium-6 thb-dark-column small-12\"><div class=\"vc_column-inner\"><div class=\"wpb_wrapper\"><div class=\"vc_empty_space\" id=\"thb-empty-space-69f295423ad32\"  style=\"height: 32px\" ><span class=\"vc_empty_space_inner\"><\/span><\/div>\n\n\t<div class=\"wpb_text_column wpb_content_element\" >\n\t\t<div class=\"wpb_wrapper\">\n\t\t\t<h2 style=\"text-align: center;\"><strong>Willkommen<\/strong><\/h2>\n<p style=\"text-align: center;\"><span style=\"font-weight: 400;\">Nach unserem gemeinsamen Master in Konferenzdolmetschen f\u00fchren wir unsere Zusammenarbeit auf beruflicher Ebene fort.<\/span><\/p>\n<p style=\"text-align: center;\"><span style=\"font-weight: 400;\">Wir bieten verschiedene Sprachdienstleistungen wie Verdolmetschungen, \u00dcbersetzungen, Korrektorate und Lektorate an. <\/span><span style=\"font-weight: 400;\">Auf dieser Webseite erfahren Sie mehr <a href=\"http:\/\/www.c-interpreting.ch\/de\/a-propos\/\"><a href=\"https:\/\/www.c-interpreting.ch\/de\/a-propos\/\" target=\"_self\">\u00fcber uns<\/a><\/a> und <a href=\"http:\/\/www.c-interpreting.ch\/de\/prestations\/\">\u00fcber <a href=\"https:\/\/www.c-interpreting.ch\/de\/prestations\/\" target=\"_self\">unser Angebot<\/a><\/a>.<\/span><\/p>\n\n\t\t<\/div>\n\t<\/div>\n<\/div><\/div><\/div><div class=\"wpb_column columns medium-6 thb-dark-column small-12\"><div class=\"vc_column-inner\"><div class=\"wpb_wrapper\">\n\t<div class=\"wpb_text_column wpb_content_element\" >\n\t\t<div class=\"wpb_wrapper\">\n\t\t\t<p><img loading=\"lazy\" decoding=\"async\" class=\"alignnone size-full wp-image-996\" src=\"https:\/\/www.c-interpreting.ch\/wp-content\/uploads\/2024\/02\/alice_madlaina_portrait_01-scaled.jpg\" alt=\"\" width=\"2560\" height=\"2340\" \/><\/p>\n\n\t\t<\/div>\n\t<\/div>\n<\/div><\/div><\/div><div id=\"thb-divider-id-69f295423b3a8-first\" class=\"thb-divider-container curve\" style=\"height: 0px;\" data-position=\"bottom\"><svg class=\"thb-svg-divider\" xmlns=\"http:\/\/www.w3.org\/2000\/svg\" viewbox=\"0 0 600 411.5\" preserveaspectratio=\"none\">\r\n\t<path d=\"M300,406.63c-129.204,0-229.756-195.573-300-398V411.5h600V8.169C532.815,196.944,434.237,406.63,300,406.63z\"\/>\r\n<\/svg><\/div><style>\n\t\t\t#thb-divider-id-69f295423b3a8-first .thb-svg-divider {\n\t\t\t\tfill: #ce23dd;\n\t\t\t}<\/style><\/div><div class=\"row wpb_row row-fluid vc_custom_1508254080798\"><div class=\"wpb_column columns medium-12 thb-dark-column small-12\"><div class=\"vc_column-inner\"><div class=\"wpb_wrapper\">\n\t<div class=\"wpb_text_column wpb_content_element animation bottom-to-top  text-center\" >\n\t\t<div class=\"wpb_wrapper\">\n\t\t\t<h2><span style=\"color: #a8abb0;\">ANGEBOT<\/span><\/h2>\n\n\t\t<\/div>\n\t<\/div>\n<div class=\"vc_empty_space\" id=\"thb-empty-space-69f295423b98c\"  style=\"height: 30px\" ><span class=\"vc_empty_space_inner\"><\/span><\/div>\n\n\t<div class=\"wpb_text_column wpb_content_element animation bottom-to-top  text-center\" >\n\t\t<div class=\"wpb_wrapper\">\n\t\t\t\n\t\t<\/div>\n\t<\/div>\n<div class=\"row wpb_row vc_inner row-fluid\"><div class=\"wpb_column columns medium-4 thb-dark-column small-12\"><div class=\"vc_column-inner\"><div class=\"wpb_wrapper\">\t<div id=\"thb-flip-box-912\" class=\"thb-flip-box thb-flip-box-front-light thb-flip-box-back-light\">\n\t\t<div class=\"thb-flip-box-front thb-flip-box-side\">\n\t\t\t<div class=\"thb-flip-box-inner\">\n\t\t\t\t<\/p>\n<h4>Dolmetschen<\/h4>\n<p>\t\t\t<\/div>\n\t\t<\/div>\n\t\t<div class=\"thb-flip-box-back thb-flip-box-side\">\n\t\t\t<div class=\"thb-flip-box-inner\">\n\t\t\t\tWir dolmetschen gerne an Ihrem Anlass und stehen Ihnen beratend zur Seite.\t\t\t<\/div>\n\t\t<\/div>\n\t\t<style>\n\t\t\t#thb-flip-box-912 {\n\t\t\t\tmin-height: px;\n\t\t\t}\n\t\t\t#thb-flip-box-912 .thb-flip-box-front{\n\t\t\t\tbackground-color: #000000;\n\t\t\t\tbackground-image: url(https:\/\/www.c-interpreting.ch\/wp-content\/uploads\/2020\/12\/microphone-704257_1920-1-1024x683.jpg);\n\t\t\t}\n\t\t\t#thb-flip-box-912 .thb-flip-box-back{\n\t\t\t\tbackground-color: #2aa88a;\n\t\t\t\tbackground-image: url(https:\/\/www.c-interpreting.ch\/wp-content\/uploads\/2021\/08\/istockphoto-1193854232-612x612-1.jpg);\n\t\t\t}\n\t\t<\/style>\n\t<\/div>\n\t<div class=\"vc_empty_space\" id=\"thb-empty-space-69f295423d429\"  style=\"height: 30px\" ><span class=\"vc_empty_space_inner\"><\/span><\/div>\n<\/div><\/div><\/div><div class=\"wpb_column columns medium-4 thb-dark-column small-12\"><div class=\"vc_column-inner\"><div class=\"wpb_wrapper\">\t<div id=\"thb-flip-box-619\" class=\"thb-flip-box thb-flip-box-front-light thb-flip-box-back-light\">\n\t\t<div class=\"thb-flip-box-front thb-flip-box-side\">\n\t\t\t<div class=\"thb-flip-box-inner\">\n\t\t\t\t<\/p>\n<h4>\u00dcbersetzen<\/h4>\n<p>\t\t\t<\/div>\n\t\t<\/div>\n\t\t<div class=\"thb-flip-box-back thb-flip-box-side\">\n\t\t\t<div class=\"thb-flip-box-inner\">\n\t\t\t\tWir \u00fcbersetzen Ihre Dokumente auf Franz\u00f6sisch und Deutsch.\t\t\t<\/div>\n\t\t<\/div>\n\t\t<style>\n\t\t\t#thb-flip-box-619 {\n\t\t\t\tmin-height: px;\n\t\t\t}\n\t\t\t#thb-flip-box-619 .thb-flip-box-front{\n\t\t\t\tbackground-color: #000000;\n\t\t\t\tbackground-image: url(https:\/\/www.c-interpreting.ch\/wp-content\/uploads\/2021\/08\/DSC_0257-scaled.jpg);\n\t\t\t}\n\t\t\t#thb-flip-box-619 .thb-flip-box-back{\n\t\t\t\tbackground-color: #fcfcfc;\n\t\t\t\tbackground-image: url(https:\/\/www.c-interpreting.ch\/wp-content\/uploads\/2021\/08\/istockphoto-1193854232-612x612-1.jpg);\n\t\t\t}\n\t\t<\/style>\n\t<\/div>\n\t<div class=\"vc_empty_space\" id=\"thb-empty-space-69f295423e00c\"  style=\"height: 30px\" ><span class=\"vc_empty_space_inner\"><\/span><\/div>\n<\/div><\/div><\/div><div class=\"wpb_column columns medium-4 thb-dark-column small-12\"><div class=\"vc_column-inner\"><div class=\"wpb_wrapper\">\t<div id=\"thb-flip-box-173\" class=\"thb-flip-box thb-flip-box-front-light thb-flip-box-back-light\">\n\t\t<div class=\"thb-flip-box-front thb-flip-box-side\">\n\t\t\t<div class=\"thb-flip-box-inner\">\n\t\t\t\t<\/p>\n<h4>Korrektorat und Lektorat<\/h4>\n<p>\t\t\t<\/div>\n\t\t<\/div>\n\t\t<div class=\"thb-flip-box-back thb-flip-box-side\">\n\t\t\t<div class=\"thb-flip-box-inner\">\n\t\t\t\tWir nehmen Ihre Dokumente genau unter die Lupe.\t\t\t<\/div>\n\t\t<\/div>\n\t\t<style>\n\t\t\t#thb-flip-box-173 {\n\t\t\t\tmin-height: px;\n\t\t\t}\n\t\t\t#thb-flip-box-173 .thb-flip-box-front{\n\t\t\t\tbackground-color: #000000;\n\t\t\t\tbackground-image: url(https:\/\/www.c-interpreting.ch\/wp-content\/uploads\/2021\/08\/DSC_0293-scaled.jpg);\n\t\t\t}\n\t\t\t#thb-flip-box-173 .thb-flip-box-back{\n\t\t\t\tbackground-color: #b28969;\n\t\t\t\tbackground-image: url(https:\/\/www.c-interpreting.ch\/wp-content\/uploads\/2021\/08\/istockphoto-1193854232-612x612-1.jpg);\n\t\t\t}\n\t\t<\/style>\n\t<\/div>\n\t<div class=\"vc_empty_space\" id=\"thb-empty-space-69f295423e9ef\"  style=\"height: 30px\" ><span class=\"vc_empty_space_inner\"><\/span><\/div>\n<\/div><\/div><\/div><\/div><div class=\"vc_empty_space\" id=\"thb-empty-space-69f295423eb0e\"  style=\"height: 40px\" ><span class=\"vc_empty_space_inner\"><\/span><\/div>\n<div class=\"row wpb_row vc_inner row-fluid\"><div class=\"text-center wpb_column columns medium-12 thb-dark-column small-12\"><div class=\"vc_column-inner\"><div class=\"wpb_wrapper\">\t<a class=\"btn  style2 animation bottom-to-top\" href=\"https:\/\/www.c-interpreting.ch\/de\/prestations\/\" target=\"_self\" role=\"button\" title=\"Erfahren Sie mehr \u00fcber unser Angebot\"><span>Erfahren Sie mehr \u00fcber unser Angebot<\/span><\/a>\n\n\t<\/div><\/div><\/div><\/div><\/div><\/div><\/div><\/div><div class=\"row wpb_row row-fluid\"><div class=\"wpb_column columns medium-12 thb-dark-column small-12\"><div class=\"vc_column-inner\"><div class=\"wpb_wrapper\"><\/div><\/div><\/div><\/div><div class=\"row wpb_row row-fluid\"><div class=\"wpb_column columns medium-12 thb-dark-column small-12\"><div class=\"vc_column-inner\"><div class=\"wpb_wrapper\">\t\t<div class=\"dark-title thb-portfolio shortcode thb-text-style1\">\n\t\t\t<\/div>\n\t\n\t<\/div><\/div><\/div><\/div><div class=\"row wpb_row row-fluid\"><div class=\"wpb_column columns medium-12 thb-dark-column small-12\"><div class=\"vc_column-inner\"><div class=\"wpb_wrapper\"><\/div><\/div><\/div><\/div>","protected":false},"excerpt":{"rendered":"Bienvenue Habitu\u00e9e\u00b7x\u00b7s \u00e0 unir nos forces depuis notre Master en interpr\u00e9tation de conf\u00e9rence, nous avons d\u00e9cid\u00e9 de poursuivre notre collaboration sur le plan professionnel apr\u00e8s nos \u00e9tudes. Nous proposons divers services linguistiques comme l\u2019interpr\u00e9tation, la traduction ou la r\u00e9vision. N'h\u00e9sitez pas \u00e0 parcourir notre site pour en savoir plus sur nous et nos prestations. PRESTATIONS&hellip;","protected":false},"author":1,"featured_media":0,"parent":0,"menu_order":0,"comment_status":"closed","ping_status":"closed","template":"","meta":{"_monsterinsights_skip_tracking":false,"_monsterinsights_sitenote_active":false,"_monsterinsights_sitenote_note":"","_monsterinsights_sitenote_category":0,"footnotes":""},"class_list":["post-279","page","type-page","status-publish","hentry"],"aioseo_notices":[],"_links":{"self":[{"href":"https:\/\/www.c-interpreting.ch\/de\/wp-json\/wp\/v2\/pages\/279","targetHints":{"allow":["GET"]}}],"collection":[{"href":"https:\/\/www.c-interpreting.ch\/de\/wp-json\/wp\/v2\/pages"}],"about":[{"href":"https:\/\/www.c-interpreting.ch\/de\/wp-json\/wp\/v2\/types\/page"}],"author":[{"embeddable":true,"href":"https:\/\/www.c-interpreting.ch\/de\/wp-json\/wp\/v2\/users\/1"}],"replies":[{"embeddable":true,"href":"https:\/\/www.c-interpreting.ch\/de\/wp-json\/wp\/v2\/comments?post=279"}],"version-history":[{"count":56,"href":"https:\/\/www.c-interpreting.ch\/de\/wp-json\/wp\/v2\/pages\/279\/revisions"}],"predecessor-version":[{"id":1022,"href":"https:\/\/www.c-interpreting.ch\/de\/wp-json\/wp\/v2\/pages\/279\/revisions\/1022"}],"wp:attachment":[{"href":"https:\/\/www.c-interpreting.ch\/de\/wp-json\/wp\/v2\/media?parent=279"}],"curies":[{"name":"wp","href":"https:\/\/api.w.org\/{rel}","templated":true}]}}