{"id":652,"date":"2020-04-27T20:17:25","date_gmt":"2020-04-27T20:17:25","guid":{"rendered":"https:\/\/www.c-interpreting.ch\/?page_id=652"},"modified":"2021-01-07T15:13:44","modified_gmt":"2021-01-07T15:13:44","slug":"prestations","status":"publish","type":"page","link":"https:\/\/www.c-interpreting.ch\/de\/prestations\/","title":{"rendered":"Angebot"},"content":{"rendered":"<div class=\"row wpb_row row-fluid align-center\"><div class=\"wpb_column columns medium-6 thb-dark-column small-12\"><div class=\"vc_column-inner\"><div class=\"wpb_wrapper\"><\/div><\/div><\/div><\/div><div class=\"row wpb_row row-fluid vc_custom_1491556080225\"><div class=\"wpb_column columns medium-12 thb-dark-column small-12\"><div class=\"vc_column-inner\"><div class=\"wpb_wrapper\"><div class=\"row wpb_row vc_inner row-fluid\"><div class=\"wpb_column columns medium-4 thb-dark-column small-12\"><div class=\"vc_column-inner\"><div class=\"wpb_wrapper\">\n\t<div class=\"wpb_text_column wpb_content_element\" >\n\t\t<div class=\"wpb_wrapper\">\n\t\t\t<h2><strong><a href=\"https:\/\/www.c-interpreting.ch\/de\/interpretation\/\">DOLMETSCHEN<\/a><br \/>\n<\/strong><\/h2>\n<p>&nbsp;<\/p>\n<p>Planen Sie eine mehrsprachige Sitzung oder eine Konferenz? Wir bieten Ihnen die passende Verdolmetschung f\u00fcr Ihre Veranstaltung an.<\/p>\n<h4><strong>\u00a0<\/strong><\/h4>\n\n\t\t<\/div>\n\t<\/div>\n<\/div><\/div><\/div><div class=\"wpb_column columns medium-4 thb-dark-column small-12\"><div class=\"vc_column-inner\"><div class=\"wpb_wrapper\">\n\t<div class=\"wpb_text_column wpb_content_element\" >\n\t\t<div class=\"wpb_wrapper\">\n\t\t\t<h2><a href=\"https:\/\/www.c-interpreting.ch\/de\/traduction\/\">\u00dcBERSETZEN<\/a><\/h2>\n<p>&nbsp;<\/p>\n<p>M\u00f6chten Sie ein Dokument in eine andere Sprache \u00fcbersetzen lassen? Wir \u00fcbersetzen verschiedenste Textarten in diversen Fachgebieten. Kontaktieren Sie uns f\u00fcr eine unverbindliche Offerte.<\/p>\n<h4><strong>\u00a0<\/strong><\/h4>\n\n\t\t<\/div>\n\t<\/div>\n<\/div><\/div><\/div><div class=\"wpb_column columns medium-4 thb-dark-column small-12\"><div class=\"vc_column-inner\"><div class=\"wpb_wrapper\">\n\t<div class=\"wpb_text_column wpb_content_element\" >\n\t\t<div class=\"wpb_wrapper\">\n\t\t\t<h2><a href=\"https:\/\/www.c-interpreting.ch\/de\/relecture-et-revision\/\">KORREKTORAT UND LEKTORAT<\/a><\/h2>\n<p>M\u00f6chten Sie Ihren Text korrekturlesen oder eine \u00dcbersetzung \u00fcberpr\u00fcfen lassen? Wir nehmen Ihre franz\u00f6sischen und deutschen Dokumente gerne genauer unter die Lupe.<\/p>\n<h4><strong>\u00a0<\/strong><\/h4>\n\n\t\t<\/div>\n\t<\/div>\n<\/div><\/div><\/div><\/div><div class=\"row wpb_row vc_inner row-fluid\"><div class=\"wpb_column columns medium-4 thb-dark-column small-12\"><div class=\"vc_column-inner\"><div class=\"wpb_wrapper\"><div class=\"vc_empty_space\" id=\"thb-empty-space-69f284b63e500\"  style=\"height: 40px\" ><span class=\"vc_empty_space_inner\"><\/span><\/div>\n<\/div><\/div><\/div><\/div><\/div><\/div><\/div><\/div>","protected":false},"excerpt":{"rendered":"INTERPR\u00c9TATION &nbsp; Organisez-vous une r\u00e9union ou une conf\u00e9rence plurilingue ? Nous proposons plusieurs techniques d\u2019interpr\u00e9tation en fonction de vos besoins. \u00a0 TRADUCTION &nbsp; Avez-vous besoin d\u2019un document dans une autre langue ? Nous traduisons diff\u00e9rents types de texte. Contactez-nous afin d\u2019obtenir un devis gratuit. \u00a0 R\u00c9VISION ET RELECTURE Souhaitez-vous faire corriger votre texte ou contr\u00f4ler&hellip;","protected":false},"author":1,"featured_media":0,"parent":0,"menu_order":0,"comment_status":"closed","ping_status":"closed","template":"","meta":{"_monsterinsights_skip_tracking":false,"_monsterinsights_sitenote_active":false,"_monsterinsights_sitenote_note":"","_monsterinsights_sitenote_category":0,"footnotes":""},"class_list":["post-652","page","type-page","status-publish","hentry"],"aioseo_notices":[],"_links":{"self":[{"href":"https:\/\/www.c-interpreting.ch\/de\/wp-json\/wp\/v2\/pages\/652","targetHints":{"allow":["GET"]}}],"collection":[{"href":"https:\/\/www.c-interpreting.ch\/de\/wp-json\/wp\/v2\/pages"}],"about":[{"href":"https:\/\/www.c-interpreting.ch\/de\/wp-json\/wp\/v2\/types\/page"}],"author":[{"embeddable":true,"href":"https:\/\/www.c-interpreting.ch\/de\/wp-json\/wp\/v2\/users\/1"}],"replies":[{"embeddable":true,"href":"https:\/\/www.c-interpreting.ch\/de\/wp-json\/wp\/v2\/comments?post=652"}],"version-history":[{"count":15,"href":"https:\/\/www.c-interpreting.ch\/de\/wp-json\/wp\/v2\/pages\/652\/revisions"}],"predecessor-version":[{"id":865,"href":"https:\/\/www.c-interpreting.ch\/de\/wp-json\/wp\/v2\/pages\/652\/revisions\/865"}],"wp:attachment":[{"href":"https:\/\/www.c-interpreting.ch\/de\/wp-json\/wp\/v2\/media?parent=652"}],"curies":[{"name":"wp","href":"https:\/\/api.w.org\/{rel}","templated":true}]}}