{"id":736,"date":"2020-11-06T16:49:24","date_gmt":"2020-11-06T16:49:24","guid":{"rendered":"https:\/\/www.c-interpreting.ch\/?page_id=736"},"modified":"2021-09-01T10:03:40","modified_gmt":"2021-09-01T10:03:40","slug":"relecture-et-revision","status":"publish","type":"page","link":"https:\/\/www.c-interpreting.ch\/de\/relecture-et-revision\/","title":{"rendered":"Korrektorat und Lektorat"},"content":{"rendered":"<div class=\"row wpb_row row-fluid\"><div class=\"wpb_column columns medium-12 thb-dark-column small-12\"><div class=\"vc_column-inner\"><div class=\"wpb_wrapper\">\n\t<div class=\"wpb_text_column wpb_content_element\" >\n\t\t<div class=\"wpb_wrapper\">\n\t\t\t<h3><\/h3>\n<h3>Korrektorat und Lektorat<\/h3>\n<p>Als ausgebildete Sprachprofis sind wir darauf getrimmt, jeden noch so kleinen Fehler in Ihrem Text ausfindig zu machen. Dank unserer beider Muttersprachen nehmen wir Ihren Text sowohl auf Deutsch als auch auf Franz\u00f6sisch ganz genau unter die Lupe.<\/p>\n\n\t\t<\/div>\n\t<\/div>\n<div class=\"vc_empty_space\" id=\"thb-empty-space-69f289da6a382\"  style=\"height: 32px\" ><span class=\"vc_empty_space_inner\"><\/span><\/div>\n<\/div><\/div><\/div><\/div><div class=\"row wpb_row row-fluid\"><div class=\"wpb_column columns medium-12 thb-dark-column small-12\"><div class=\"vc_column-inner\"><div class=\"wpb_wrapper\">\n\t<div class=\"wpb_text_column wpb_content_element\" >\n\t\t<div class=\"wpb_wrapper\">\n\t\t\t<h4>Korrektorat<\/h4>\n<p>Wir pr\u00fcfen Ihren Text auf Grammatik, Rechtschreibung und Satzzeichen (z.B. bevor der Text in den Druck geht).<\/p>\n<h4>Lektorat<\/h4>\n<p>Wir pr\u00fcfen Ihren Text nicht nur auf Grammatik, Rechtschreibung und Satzzeichen, sondern auch auf seine redaktionellen Aspekte wie Inhalt, Logik und Stil.<\/p>\n<p class=\"translation-block\"><a href=\"https:\/\/www.c-interpreting.ch\/de\/contact\/\" target=\"_self\">Kontaktieren Sie uns<\/a> f\u00fcr eine unverbindliche Offerte.<\/p>\n\n\t\t<\/div>\n\t<\/div>\n<\/div><\/div><\/div><\/div>","protected":false},"excerpt":{"rendered":"R\u00e9vision et relecture Habitu\u00e9es \u00e0 passer toutes sortes de textes au peigne fin, nous corrigeons vos textes jusqu'au moindre d\u00e9tail. Gr\u00e2ce \u00e0 nos deux langues maternelles diff\u00e9rentes, nous sommes en mesure de relire vos documents aussi bien en fran\u00e7ais qu'en allemand. R\u00e9vision Nous v\u00e9rifions la grammaire, l\u2019orthographe ainsi que la ponctuation de vos textes. Relecture&hellip;","protected":false},"author":2,"featured_media":0,"parent":0,"menu_order":0,"comment_status":"closed","ping_status":"closed","template":"","meta":{"_monsterinsights_skip_tracking":false,"_monsterinsights_sitenote_active":false,"_monsterinsights_sitenote_note":"","_monsterinsights_sitenote_category":0,"footnotes":""},"class_list":["post-736","page","type-page","status-publish","hentry"],"aioseo_notices":[],"_links":{"self":[{"href":"https:\/\/www.c-interpreting.ch\/de\/wp-json\/wp\/v2\/pages\/736","targetHints":{"allow":["GET"]}}],"collection":[{"href":"https:\/\/www.c-interpreting.ch\/de\/wp-json\/wp\/v2\/pages"}],"about":[{"href":"https:\/\/www.c-interpreting.ch\/de\/wp-json\/wp\/v2\/types\/page"}],"author":[{"embeddable":true,"href":"https:\/\/www.c-interpreting.ch\/de\/wp-json\/wp\/v2\/users\/2"}],"replies":[{"embeddable":true,"href":"https:\/\/www.c-interpreting.ch\/de\/wp-json\/wp\/v2\/comments?post=736"}],"version-history":[{"count":18,"href":"https:\/\/www.c-interpreting.ch\/de\/wp-json\/wp\/v2\/pages\/736\/revisions"}],"predecessor-version":[{"id":946,"href":"https:\/\/www.c-interpreting.ch\/de\/wp-json\/wp\/v2\/pages\/736\/revisions\/946"}],"wp:attachment":[{"href":"https:\/\/www.c-interpreting.ch\/de\/wp-json\/wp\/v2\/media?parent=736"}],"curies":[{"name":"wp","href":"https:\/\/api.w.org\/{rel}","templated":true}]}}